{"id":7,"date":"2025-02-26T17:40:55","date_gmt":"2025-02-26T16:40:55","guid":{"rendered":"https:\/\/animalinbalance.ch\/?page_id=7"},"modified":"2025-07-17T21:16:17","modified_gmt":"2025-07-17T19:16:17","slug":"startseite","status":"publish","type":"page","link":"https:\/\/animalinbalance.ch\/","title":{"rendered":"Startseite"},"content":{"rendered":"\n<div id=\"services\" class=\"wp-block-group is-layout-constrained wp-container-core-group-is-layout-45b0ac4f wp-block-group-is-layout-constrained\" style=\"padding-top:144px;padding-bottom:0px\">\n<h2 class=\"wp-block-heading\"><\/h2>\n\n\n\n<div class=\"wp-block-columns is-layout-flex wp-container-core-columns-is-layout-28f84493 wp-block-columns-is-layout-flex\">\n<div class=\"wp-block-column is-layout-flow wp-block-column-is-layout-flow\">\n<h6 class=\"wp-block-heading has-text-align-center\">Bitte beachten Sie !!!<\/h6>\n\n\n\n<p class=\"has-text-align-center\"><bdo lang=\"englisch\" dir=\"ltr\">Die Praxis\u00a0ist\u00a0 am<br>Montag\u00a0<strong>\u00a03. &amp;\u00a0<\/strong>Dienstag<strong>\u00a04. M\u00e4rz<\/strong><br><strong>geschlossen<\/strong><\/bdo><\/p>\n<\/div>\n<\/div>\n\n\n\n<div class=\"wp-block-columns is-layout-flex wp-container-core-columns-is-layout-28f84493 wp-block-columns-is-layout-flex\">\n<div class=\"wp-block-column is-layout-flow wp-block-column-is-layout-flow\" style=\"flex-basis:33.33%\">\n<figure class=\"wp-block-gallery has-nested-images columns-default is-cropped wp-block-gallery-1 is-layout-flex wp-block-gallery-is-layout-flex\">\n<figure class=\"wp-block-image size-large\"><img decoding=\"async\" src=\"https:\/\/www.homoeopatieraerztin.ch\/fileadmin\/_processed_\/csm_IM001356_f1d079cfb4.jpg\" alt=\"\"\/><figcaption class=\"wp-element-caption\">AM TAG DER OFFENEN T\u00dcRE 5. APRIL 2003<\/figcaption><\/figure>\n<\/figure>\n<\/div>\n\n\n\n<div class=\"wp-block-column is-layout-flow wp-block-column-is-layout-flow\" style=\"flex-basis:66.66%\">\n<p class=\"has-text-align-left\">\u2026.. in der Praxis f\u00fcr ganzheitliche Tiermedizin<br>der Praxis,<\/p>\n\n\n\n<p class=\"has-text-align-right\"> in der Mensch &amp; Tier entspannt \u00f6ffentlich ankommen, gerne verweilen, gen\u00e4hrt und belebt zur\u00fcckkehren<br>im Sinne der Ganzheitlichkeit Bed\u00fcrfnisse von Tieren &amp; ihren Menschen im Zentrum stehen \u2026.. Tier &amp; Mensch eine Ver\u00e4nderung erfahren d\u00fcrfen<br>die Klassische Hom\u00f6opathie, energetische Methoden Schwerpunktthemen &amp; eine naturheilkundlliche Begleitung eine wichtige Therapiegrundlage darstellen<br>seit 20 Jahren zum Wohl von Mensch &amp; Tier,<\/p>\n\n\n\n<p>\u2026. der Regulationsmedizin verpflichtet,<\/p>\n\n\n\n<p class=\"has-text-align-center\"><strong><kbd>.<\/kbd><\/strong><\/p>\n\n\n\n<blockquote class=\"wp-block-quote is-layout-flow wp-block-quote-is-layout-flow\">\n<p class=\"has-text-align-center\"><strong><kbd>weil jede Therapie so individuell ist, <\/kbd><\/strong><\/p>\n\n\n\n<p class=\"has-text-align-center\"><strong><kbd>wie die Diagnose, die sie erfordert..<\/kbd><\/strong><strong><kbd>. <\/kbd><\/strong><\/p>\n<\/blockquote>\n\n\n\n<p>Lassen Sie sich \u00fcberraschen, was ganzheitliche Tiermedizin m\u00f6glich macht<\/p>\n<\/div>\n<\/div>\n\n\n\n<p><\/p>\n<\/div>\n\n\n\n<figure class=\"wp-block-image size-full\"><img loading=\"lazy\" decoding=\"async\" width=\"711\" height=\"312\" src=\"https:\/\/animalinbalance.ch\/wp-content\/uploads\/2025\/07\/ProblemLoesung.jpg\" alt=\"\" class=\"wp-image-56\" srcset=\"https:\/\/animalinbalance.ch\/wp-content\/uploads\/2025\/07\/ProblemLoesung.jpg 711w, https:\/\/animalinbalance.ch\/wp-content\/uploads\/2025\/07\/ProblemLoesung-300x132.jpg 300w\" sizes=\"auto, (max-width: 711px) 100vw, 711px\" \/><\/figure>\n","protected":false},"excerpt":{"rendered":"<p>Bitte beachten Sie !!! Die Praxis\u00a0ist\u00a0 amMontag\u00a0\u00a03. &amp;\u00a0Dienstag\u00a04. M\u00e4rzgeschlossen \u2026.. in der Praxis f\u00fcr ganzheitliche Tiermedizinder Praxis, in der Mensch [&hellip;]<\/p>\n","protected":false},"author":1,"featured_media":0,"parent":0,"menu_order":0,"comment_status":"closed","ping_status":"closed","template":"","meta":{"site-sidebar-layout":"no-sidebar","site-content-layout":"plain-container","ast-site-content-layout":"default","site-content-style":"default","site-sidebar-style":"default","ast-global-header-display":"","ast-banner-title-visibility":"","ast-main-header-display":"","ast-hfb-above-header-display":"","ast-hfb-below-header-display":"","ast-hfb-mobile-header-display":"","site-post-title":"disabled","ast-breadcrumbs-content":"","ast-featured-img":"","footer-sml-layout":"","theme-transparent-header-meta":"enabled","adv-header-id-meta":"","stick-header-meta":"","header-above-stick-meta":"","header-main-stick-meta":"","header-below-stick-meta":"","astra-migrate-meta-layouts":"default","ast-page-background-enabled":"default","ast-page-background-meta":{"desktop":{"background-color":"var(--ast-global-color-5)","background-image":"","background-repeat":"repeat","background-position":"center center","background-size":"auto","background-attachment":"scroll","background-type":"","background-media":"","overlay-type":"","overlay-color":"","overlay-opacity":"","overlay-gradient":""},"tablet":{"background-color":"","background-image":"","background-repeat":"repeat","background-position":"center center","background-size":"auto","background-attachment":"scroll","background-type":"","background-media":"","overlay-type":"","overlay-color":"","overlay-opacity":"","overlay-gradient":""},"mobile":{"background-color":"","background-image":"","background-repeat":"repeat","background-position":"center center","background-size":"auto","background-attachment":"scroll","background-type":"","background-media":"","overlay-type":"","overlay-color":"","overlay-opacity":"","overlay-gradient":""}},"ast-content-background-meta":{"desktop":{"background-color":"var(--ast-global-color-4)","background-image":"","background-repeat":"repeat","background-position":"center center","background-size":"auto","background-attachment":"scroll","background-type":"","background-media":"","overlay-type":"","overlay-color":"","overlay-opacity":"","overlay-gradient":""},"tablet":{"background-color":"var(--ast-global-color-4)","background-image":"","background-repeat":"repeat","background-position":"center center","background-size":"auto","background-attachment":"scroll","background-type":"","background-media":"","overlay-type":"","overlay-color":"","overlay-opacity":"","overlay-gradient":""},"mobile":{"background-color":"var(--ast-global-color-4)","background-image":"","background-repeat":"repeat","background-position":"center center","background-size":"auto","background-attachment":"scroll","background-type":"","background-media":"","overlay-type":"","overlay-color":"","overlay-opacity":"","overlay-gradient":""}},"footnotes":""},"class_list":["post-7","page","type-page","status-publish","hentry"],"_links":{"self":[{"href":"https:\/\/animalinbalance.ch\/index.php\/wp-json\/wp\/v2\/pages\/7","targetHints":{"allow":["GET"]}}],"collection":[{"href":"https:\/\/animalinbalance.ch\/index.php\/wp-json\/wp\/v2\/pages"}],"about":[{"href":"https:\/\/animalinbalance.ch\/index.php\/wp-json\/wp\/v2\/types\/page"}],"author":[{"embeddable":true,"href":"https:\/\/animalinbalance.ch\/index.php\/wp-json\/wp\/v2\/users\/1"}],"replies":[{"embeddable":true,"href":"https:\/\/animalinbalance.ch\/index.php\/wp-json\/wp\/v2\/comments?post=7"}],"version-history":[{"count":13,"href":"https:\/\/animalinbalance.ch\/index.php\/wp-json\/wp\/v2\/pages\/7\/revisions"}],"predecessor-version":[{"id":57,"href":"https:\/\/animalinbalance.ch\/index.php\/wp-json\/wp\/v2\/pages\/7\/revisions\/57"}],"wp:attachment":[{"href":"https:\/\/animalinbalance.ch\/index.php\/wp-json\/wp\/v2\/media?parent=7"}],"curies":[{"name":"wp","href":"https:\/\/api.w.org\/{rel}","templated":true}]}}